{"id":18,"date":"2025-12-20T17:28:36","date_gmt":"2025-12-20T16:28:36","guid":{"rendered":"http:\/\/aceite-oliva-virgen-extra-sol-de-la-mancha.local\/copia\/?page_id=18"},"modified":"2026-04-05T12:16:50","modified_gmt":"2026-04-05T10:16:50","slug":"inicio","status":"publish","type":"page","link":"https:\/\/olimancha.com\/en\/","title":{"rendered":"Inicio"},"content":{"rendered":"<div data-elementor-type=\"wp-page\" data-elementor-id=\"18\" class=\"elementor elementor-18\">\n\t\t\t\t<div class=\"elementor-element elementor-element-0b29651 e-con-full e-flex e-con e-parent\" data-id=\"0b29651\" data-element_type=\"container\" data-e-type=\"container\" data-settings=\"{&quot;background_background&quot;:&quot;classic&quot;}\">\n\t\t\t\t<div class=\"elementor-element elementor-element-3f4120a elementor-widget elementor-widget-heading\" data-id=\"3f4120a\" data-element_type=\"widget\" data-e-type=\"widget\" data-widget_type=\"heading.default\">\n\t\t\t\t\t<h1 class=\"elementor-heading-title elementor-size-default\">Premium spansk olivenolje \u2013 Ekstra jomfru fra Castilla-La Mancha<\/h1>\t\t\t\t<\/div>\n\t\t\t\t<div class=\"elementor-element elementor-element-5f5ce09 elementor-widget elementor-widget-heading\" data-id=\"5f5ce09\" data-element_type=\"widget\" data-e-type=\"widget\" data-widget_type=\"heading.default\">\n\t\t\t\t\t<h2 class=\"elementor-heading-title elementor-size-default\">Ekte spansk olivenolje:<br> Fra v\u00e5re lunder til det norske bord\n<\/h2>\t\t\t\t<\/div>\n\t\t\t\t<div class=\"elementor-element elementor-element-49f6047 elementor-align-right elementor-mobile-align-center elementor-widget elementor-widget-button\" data-id=\"49f6047\" data-element_type=\"widget\" data-e-type=\"widget\" data-widget_type=\"button.default\">\n\t\t\t\t\t\t\t\t\t\t<a class=\"elementor-button elementor-button-link elementor-size-sm\" href=\"https:\/\/olimancha.com\/en\/copia\/tienda\/\">\n\t\t\t\t\t\t<span class=\"elementor-button-content-wrapper\">\n\t\t\t\t\t\t\t\t\t<span class=\"elementor-button-text\">Oppdag v\u00e5r sjel<\/span>\n\t\t\t\t\t<\/span>\n\t\t\t\t\t<\/a>\n\t\t\t\t\t\t\t\t<\/div>\n\t\t\t\t<\/div>\n\t\t<div class=\"elementor-element elementor-element-4c64b83 e-flex e-con-boxed e-con e-parent\" data-id=\"4c64b83\" data-element_type=\"container\" data-e-type=\"container\">\n\t\t\t\t\t<div class=\"e-con-inner\">\n\t\t<div class=\"elementor-element elementor-element-50e622b e-con-full e-flex e-con e-child\" data-id=\"50e622b\" data-element_type=\"container\" data-e-type=\"container\">\n\t\t\t\t<div class=\"elementor-element elementor-element-710c613 elementor-widget elementor-widget-image\" data-id=\"710c613\" data-element_type=\"widget\" data-e-type=\"widget\" data-widget_type=\"image.default\">\n\t\t\t\t\t\t\t\t\t\t\t\t\t\t\t<img fetchpriority=\"high\" decoding=\"async\" width=\"800\" height=\"993\" src=\"https:\/\/olimancha.com\/wp-content\/uploads\/2026\/03\/olimancha-home-heritage-castilla-la-mancha-windmills.webp\" class=\"attachment-large size-large wp-image-651\" alt=\"Tradisjonelle olivenlunder i Castilla-La Mancha, Spania\" srcset=\"https:\/\/olimancha.com\/wp-content\/uploads\/2026\/03\/olimancha-home-heritage-castilla-la-mancha-windmills.webp 825w, https:\/\/olimancha.com\/wp-content\/uploads\/2026\/03\/olimancha-home-heritage-castilla-la-mancha-windmills-242x300.webp 242w, https:\/\/olimancha.com\/wp-content\/uploads\/2026\/03\/olimancha-home-heritage-castilla-la-mancha-windmills-768x953.webp 768w, https:\/\/olimancha.com\/wp-content\/uploads\/2026\/03\/olimancha-home-heritage-castilla-la-mancha-windmills-10x12.webp 10w, https:\/\/olimancha.com\/wp-content\/uploads\/2026\/03\/olimancha-home-heritage-castilla-la-mancha-windmills-600x745.webp 600w\" sizes=\"(max-width: 800px) 100vw, 800px\" \/>\t\t\t\t\t\t\t\t\t\t\t\t\t\t\t<\/div>\n\t\t\t\t<\/div>\n\t\t<div class=\"elementor-element elementor-element-f8aa560 e-con-full e-flex e-con e-child\" data-id=\"f8aa560\" data-element_type=\"container\" data-e-type=\"container\">\n\t\t\t\t<div class=\"elementor-element elementor-element-1e15595 elementor-widget elementor-widget-heading\" data-id=\"1e15595\" data-element_type=\"widget\" data-e-type=\"widget\" data-widget_type=\"heading.default\">\n\t\t\t\t\t<h3 class=\"elementor-heading-title elementor-size-default\">SJELEN I CASTILLA-LA MANCHA<\/h3>\t\t\t\t<\/div>\n\t\t\t\t<div class=\"elementor-element elementor-element-e05bc85 elementor-widget elementor-widget-heading\" data-id=\"e05bc85\" data-element_type=\"widget\" data-e-type=\"widget\" data-widget_type=\"heading.default\">\n\t\t\t\t\t<h2 class=\"elementor-heading-title elementor-size-default\">Olivenolje med dype r\u00f8tter:<br> En spansk generasjonsarv<\/h2>\t\t\t\t<\/div>\n\t\t\t\t<div class=\"elementor-element elementor-element-1c9cbe7 elementor-widget elementor-widget-text-editor\" data-id=\"1c9cbe7\" data-element_type=\"widget\" data-e-type=\"widget\" data-widget_type=\"text-editor.default\">\n\t\t\t\t\t\t\t\t\t<p>Siden antikken har jordsmonnet i Ciudad Real v\u00e6rt vuggen for det &#8216;flytende gullet&#8217;. I hjertet av Montes de Toledo trives v\u00e5re oliventr\u00e6r i et utfordrende klima som gir oljen dens helt unike karakter. Dette milj\u00f8et er perfekt for Cornicabra-sorten, kjent for sitt eksepsjonelt h\u00f8ye innhold av antioksidanter og sunne polyfenoler. Vi produserer ikke bare olivenolje; vi bevarer en tusen\u00e5rig tradisjon som bringer den spanske solen direkte til ditt kj\u00f8kken.<\/p>\t\t\t\t\t\t\t\t<\/div>\n\t\t\t\t<div class=\"elementor-element elementor-element-689ffa2 elementor-widget-divider--view-line elementor-widget elementor-widget-divider\" data-id=\"689ffa2\" data-element_type=\"widget\" data-e-type=\"widget\" data-widget_type=\"divider.default\">\n\t\t\t\t\t\t\t<div class=\"elementor-divider\">\n\t\t\t<span class=\"elementor-divider-separator\">\n\t\t\t\t\t\t<\/span>\n\t\t<\/div>\n\t\t\t\t\t\t<\/div>\n\t\t\t\t<\/div>\n\t\t\t\t\t<\/div>\n\t\t\t\t<\/div>\n\t\t<div class=\"elementor-element elementor-element-c3d0ffa e-flex e-con-boxed e-con e-parent\" data-id=\"c3d0ffa\" data-element_type=\"container\" data-e-type=\"container\" data-settings=\"{&quot;background_background&quot;:&quot;classic&quot;}\">\n\t\t\t\t\t<div class=\"e-con-inner\">\n\t\t<div class=\"elementor-element elementor-element-7039ca5 e-con-full e-flex e-con e-child\" data-id=\"7039ca5\" data-element_type=\"container\" data-e-type=\"container\">\n\t\t\t\t<div class=\"elementor-element elementor-element-49782e7 elementor-view-default elementor-widget elementor-widget-icon\" data-id=\"49782e7\" data-element_type=\"widget\" data-e-type=\"widget\" data-widget_type=\"icon.default\">\n\t\t\t\t\t\t\t<div class=\"elementor-icon-wrapper\">\n\t\t\t<div class=\"elementor-icon\">\n\t\t\t<svg aria-hidden=\"true\" class=\"e-font-icon-svg e-fas-certificate\" viewbox=\"0 0 512 512\" xmlns=\"http:\/\/www.w3.org\/2000\/svg\"><path d=\"M458.622 255.92l45.985-45.005c13.708-12.977 7.316-36.039-10.664-40.339l-62.65-15.99 17.661-62.015c4.991-17.838-11.829-34.663-29.661-29.671l-61.994 17.667-15.984-62.671C337.085.197 313.765-6.276 300.99 7.228L256 53.57 211.011 7.229c-12.63-13.351-36.047-7.234-40.325 10.668l-15.984 62.671-61.995-17.667C74.87 57.907 58.056 74.738 63.046 92.572l17.661 62.015-62.65 15.99C.069 174.878-6.31 197.944 7.392 210.915l45.985 45.005-45.985 45.004c-13.708 12.977-7.316 36.039 10.664 40.339l62.65 15.99-17.661 62.015c-4.991 17.838 11.829 34.663 29.661 29.671l61.994-17.667 15.984 62.671c4.439 18.575 27.696 24.018 40.325 10.668L256 458.61l44.989 46.001c12.5 13.488 35.987 7.486 40.325-10.668l15.984-62.671 61.994 17.667c17.836 4.994 34.651-11.837 29.661-29.671l-17.661-62.015 62.65-15.99c17.987-4.302 24.366-27.367 10.664-40.339l-45.984-45.004z\"><\/path><\/svg>\t\t\t<\/div>\n\t\t<\/div>\n\t\t\t\t\t\t<\/div>\n\t\t\t\t<div class=\"elementor-element elementor-element-e9fbe89 elementor-widget elementor-widget-heading\" data-id=\"e9fbe89\" data-element_type=\"widget\" data-e-type=\"widget\" data-widget_type=\"heading.default\">\n\t\t\t\t\t<h3 class=\"elementor-heading-title elementor-size-default\">Sertifisert opprinnelse<\/h3>\t\t\t\t<\/div>\n\t\t\t\t<div class=\"elementor-element elementor-element-b4ad2e5 elementor-widget elementor-widget-text-editor\" data-id=\"b4ad2e5\" data-element_type=\"widget\" data-e-type=\"widget\" data-widget_type=\"text-editor.default\">\n\t\t\t\t\t\t\t\t\t<p>Streng kontrollert sporbarhet. Garantert ekte vare fra Montes de Toledo uten blandingsprodukter.<\/p>\t\t\t\t\t\t\t\t<\/div>\n\t\t\t\t<\/div>\n\t\t<div class=\"elementor-element elementor-element-dcb50f3 e-con-full e-flex e-con e-child\" data-id=\"dcb50f3\" data-element_type=\"container\" data-e-type=\"container\">\n\t\t\t\t<div class=\"elementor-element elementor-element-92e4e36 elementor-view-default elementor-widget elementor-widget-icon\" data-id=\"92e4e36\" data-element_type=\"widget\" data-e-type=\"widget\" data-widget_type=\"icon.default\">\n\t\t\t\t\t\t\t<div class=\"elementor-icon-wrapper\">\n\t\t\t<div class=\"elementor-icon\">\n\t\t\t<svg aria-hidden=\"true\" class=\"e-font-icon-svg e-fas-tint\" viewbox=\"0 0 352 512\" xmlns=\"http:\/\/www.w3.org\/2000\/svg\"><path d=\"M205.22 22.09c-7.94-28.78-49.44-30.12-58.44 0C100.01 179.85 0 222.72 0 333.91 0 432.35 78.72 512 176 512s176-79.65 176-178.09c0-111.75-99.79-153.34-146.78-311.82zM176 448c-61.75 0-112-50.25-112-112 0-8.84 7.16-16 16-16s16 7.16 16 16c0 44.11 35.89 80 80 80 8.84 0 16 7.16 16 16s-7.16 16-16 16z\"><\/path><\/svg>\t\t\t<\/div>\n\t\t<\/div>\n\t\t\t\t\t\t<\/div>\n\t\t\t\t<div class=\"elementor-element elementor-element-f9f79b4 elementor-widget elementor-widget-heading\" data-id=\"f9f79b4\" data-element_type=\"widget\" data-e-type=\"widget\" data-widget_type=\"heading.default\">\n\t\t\t\t\t<h3 class=\"elementor-heading-title elementor-size-default\">Helse og polyfenoler<\/h3>\t\t\t\t<\/div>\n\t\t\t\t<div class=\"elementor-element elementor-element-b3dac30 elementor-widget elementor-widget-text-editor\" data-id=\"b3dac30\" data-element_type=\"widget\" data-e-type=\"widget\" data-widget_type=\"text-editor.default\">\n\t\t\t\t\t\t\t\t\t<p>H\u00f8yt innhold av polyfenoler. En viktig del av et sunt middelhavskosthold for et sterkt hjerte.<\/p>\t\t\t\t\t\t\t\t<\/div>\n\t\t\t\t<\/div>\n\t\t<div class=\"elementor-element elementor-element-740b88e e-con-full e-flex e-con e-child\" data-id=\"740b88e\" data-element_type=\"container\" data-e-type=\"container\">\n\t\t\t\t<div class=\"elementor-element elementor-element-bb09ec0 elementor-view-default elementor-widget elementor-widget-icon\" data-id=\"bb09ec0\" data-element_type=\"widget\" data-e-type=\"widget\" data-widget_type=\"icon.default\">\n\t\t\t\t\t\t\t<div class=\"elementor-icon-wrapper\">\n\t\t\t<div class=\"elementor-icon\">\n\t\t\t<svg aria-hidden=\"true\" class=\"e-font-icon-svg e-fas-star\" viewbox=\"0 0 576 512\" xmlns=\"http:\/\/www.w3.org\/2000\/svg\"><path d=\"M259.3 17.8L194 150.2 47.9 171.5c-26.2 3.8-36.7 36.1-17.7 54.6l105.7 103-25 145.5c-4.5 26.3 23.2 46 46.4 33.7L288 439.6l130.7 68.7c23.2 12.2 50.9-7.4 46.4-33.7l-25-145.5 105.7-103c19-18.5 8.5-50.8-17.7-54.6L382 150.2 316.7 17.8c-11.7-23.6-45.6-23.9-57.4 0z\"><\/path><\/svg>\t\t\t<\/div>\n\t\t<\/div>\n\t\t\t\t\t\t<\/div>\n\t\t\t\t<div class=\"elementor-element elementor-element-dbe4ffe elementor-widget elementor-widget-heading\" data-id=\"dbe4ffe\" data-element_type=\"widget\" data-e-type=\"widget\" data-widget_type=\"heading.default\">\n\t\t\t\t\t<h3 class=\"elementor-heading-title elementor-size-default\">Ekstra jomfru smak<\/h3>\t\t\t\t<\/div>\n\t\t\t\t<div class=\"elementor-element elementor-element-2328fd1 elementor-widget elementor-widget-text-editor\" data-id=\"2328fd1\" data-element_type=\"widget\" data-e-type=\"widget\" data-widget_type=\"text-editor.default\">\n\t\t\t\t\t\t\t\t\t<p><span data-path-to-node=\"4,3,1,0\"><code data-path-to-node=\"4,3,1,0\" data-index-in-node=\"0\"><\/code><\/span><span data-path-to-node=\"4,3,2,0\">Ulik n\u00f8ytrale oljer, tilf\u00f8rer v\u00e5r Cornicabra en rik og fruktig karakter som l\u00f8fter dine retter.<\/span><\/p>\t\t\t\t\t\t\t\t<\/div>\n\t\t\t\t<\/div>\n\t\t\t\t\t<\/div>\n\t\t\t\t<\/div>\n\t\t<div class=\"elementor-element elementor-element-94be34d e-con-full e-flex e-con e-parent\" data-id=\"94be34d\" data-element_type=\"container\" data-e-type=\"container\">\n\t\t\t\t<div class=\"elementor-element elementor-element-e78b223 elementor-widget-mobile__width-inherit elementor-widget elementor-widget-heading\" data-id=\"e78b223\" data-element_type=\"widget\" data-e-type=\"widget\" data-widget_type=\"heading.default\">\n\t\t\t\t\t<h2 class=\"elementor-heading-title elementor-size-default\">Utforsk v\u00e5r kolleksjon av olivenolje<\/h2>\t\t\t\t<\/div>\n\t\t\t\t<\/div>\n\t\t<div class=\"elementor-element elementor-element-b875288 e-flex e-con-boxed e-con e-parent\" data-id=\"b875288\" data-element_type=\"container\" data-e-type=\"container\">\n\t\t\t\t\t<div class=\"e-con-inner\">\n\t\t<div class=\"elementor-element elementor-element-ef63904 e-con-full e-flex e-con e-child\" data-id=\"ef63904\" data-element_type=\"container\" data-e-type=\"container\">\n\t\t\t\t<div class=\"elementor-element elementor-element-91f21a9 elementor-widget elementor-widget-image\" data-id=\"91f21a9\" data-element_type=\"widget\" data-e-type=\"widget\" data-widget_type=\"image.default\">\n\t\t\t\t\t\t\t\t\t\t\t\t\t\t\t<img decoding=\"async\" width=\"800\" height=\"800\" src=\"https:\/\/olimancha.com\/wp-content\/uploads\/2026\/03\/Cornicabra-1L-PET-Olimancha.webp\" class=\"attachment-large size-large wp-image-657\" alt=\"Olimancha Familiereserve 1L \u2013 Ekstra jomfru olivenolje for daglig bruk\" srcset=\"https:\/\/olimancha.com\/wp-content\/uploads\/2026\/03\/Cornicabra-1L-PET-Olimancha.webp 1000w, https:\/\/olimancha.com\/wp-content\/uploads\/2026\/03\/Cornicabra-1L-PET-Olimancha-300x300.webp 300w, https:\/\/olimancha.com\/wp-content\/uploads\/2026\/03\/Cornicabra-1L-PET-Olimancha-150x150.webp 150w, https:\/\/olimancha.com\/wp-content\/uploads\/2026\/03\/Cornicabra-1L-PET-Olimancha-768x768.webp 768w, https:\/\/olimancha.com\/wp-content\/uploads\/2026\/03\/Cornicabra-1L-PET-Olimancha-12x12.webp 12w, https:\/\/olimancha.com\/wp-content\/uploads\/2026\/03\/Cornicabra-1L-PET-Olimancha-500x500.webp 500w, https:\/\/olimancha.com\/wp-content\/uploads\/2026\/03\/Cornicabra-1L-PET-Olimancha-600x600.webp 600w, https:\/\/olimancha.com\/wp-content\/uploads\/2026\/03\/Cornicabra-1L-PET-Olimancha-100x100.webp 100w\" sizes=\"(max-width: 800px) 100vw, 800px\" \/>\t\t\t\t\t\t\t\t\t\t\t\t\t\t\t<\/div>\n\t\t\t\t<div class=\"elementor-element elementor-element-33e4007 elementor-widget elementor-widget-heading\" data-id=\"33e4007\" data-element_type=\"widget\" data-e-type=\"widget\" data-widget_type=\"heading.default\">\n\t\t\t\t\t<h3 class=\"elementor-heading-title elementor-size-default\">Familiereserve (1L)<\/h3>\t\t\t\t<\/div>\n\t\t\t\t<div class=\"elementor-element elementor-element-9e10121 elementor-widget elementor-widget-text-editor\" data-id=\"9e10121\" data-element_type=\"widget\" data-e-type=\"widget\" data-widget_type=\"text-editor.default\">\n\t\t\t\t\t\t\t\t\t<p>Den perfekte partneren for daglig matlaging. V\u00e5r resirkulerbare PET-flaske bevarer Cornicabras friskhet til salater, steking og hverdagsretter.<\/p>\t\t\t\t\t\t\t\t<\/div>\n\t\t\t\t<div class=\"elementor-element elementor-element-4b27844 elementor-widget elementor-widget-spacer\" data-id=\"4b27844\" data-element_type=\"widget\" data-e-type=\"widget\" data-widget_type=\"spacer.default\">\n\t\t\t\t\t\t\t<div class=\"elementor-spacer\">\n\t\t\t<div class=\"elementor-spacer-inner\"><\/div>\n\t\t<\/div>\n\t\t\t\t\t\t<\/div>\n\t\t\t\t<div class=\"elementor-element elementor-element-d40cda8 elementor-align-center elementor-widget elementor-widget-button\" data-id=\"d40cda8\" data-element_type=\"widget\" data-e-type=\"widget\" data-widget_type=\"button.default\">\n\t\t\t\t\t\t\t\t\t\t<a class=\"elementor-button elementor-button-link elementor-size-sm\" href=\"https:\/\/olimancha.com\/en\/copia\/producto\/extra-virgin-olive-oil-cornicabra-traditional-selection-1l\/\">\n\t\t\t\t\t\t<span class=\"elementor-button-content-wrapper\">\n\t\t\t\t\t\t\t\t\t<span class=\"elementor-button-text\">Se produkt<\/span>\n\t\t\t\t\t<\/span>\n\t\t\t\t\t<\/a>\n\t\t\t\t\t\t\t\t<\/div>\n\t\t\t\t<\/div>\n\t\t<div class=\"elementor-element elementor-element-4319aa8 e-con-full e-flex e-con e-child\" data-id=\"4319aa8\" data-element_type=\"container\" data-e-type=\"container\">\n\t\t\t\t<div class=\"elementor-element elementor-element-58af77b elementor-widget elementor-widget-image\" data-id=\"58af77b\" data-element_type=\"widget\" data-e-type=\"widget\" data-widget_type=\"image.default\">\n\t\t\t\t\t\t\t\t\t\t\t\t\t\t\t<img decoding=\"async\" width=\"800\" height=\"800\" src=\"https:\/\/olimancha.com\/wp-content\/uploads\/2026\/03\/olimancha-arbequina-premium-glass-500ml.webp\" class=\"attachment-large size-large wp-image-661\" alt=\"Premium spansk olivenolje 500ml \u2013 Tidlig innh\u00f8sting Cornicabra\" srcset=\"https:\/\/olimancha.com\/wp-content\/uploads\/2026\/03\/olimancha-arbequina-premium-glass-500ml.webp 1000w, https:\/\/olimancha.com\/wp-content\/uploads\/2026\/03\/olimancha-arbequina-premium-glass-500ml-300x300.webp 300w, https:\/\/olimancha.com\/wp-content\/uploads\/2026\/03\/olimancha-arbequina-premium-glass-500ml-150x150.webp 150w, https:\/\/olimancha.com\/wp-content\/uploads\/2026\/03\/olimancha-arbequina-premium-glass-500ml-768x768.webp 768w, https:\/\/olimancha.com\/wp-content\/uploads\/2026\/03\/olimancha-arbequina-premium-glass-500ml-12x12.webp 12w, https:\/\/olimancha.com\/wp-content\/uploads\/2026\/03\/olimancha-arbequina-premium-glass-500ml-500x500.webp 500w, https:\/\/olimancha.com\/wp-content\/uploads\/2026\/03\/olimancha-arbequina-premium-glass-500ml-600x600.webp 600w, https:\/\/olimancha.com\/wp-content\/uploads\/2026\/03\/olimancha-arbequina-premium-glass-500ml-100x100.webp 100w\" sizes=\"(max-width: 800px) 100vw, 800px\" \/>\t\t\t\t\t\t\t\t\t\t\t\t\t\t\t<\/div>\n\t\t\t\t<div class=\"elementor-element elementor-element-dd04827 elementor-widget elementor-widget-heading\" data-id=\"dd04827\" data-element_type=\"widget\" data-e-type=\"widget\" data-widget_type=\"heading.default\">\n\t\t\t\t\t<h3 class=\"elementor-heading-title elementor-size-default\">Premiumutvalg (500ml)<\/h3>\t\t\t\t<\/div>\n\t\t\t\t<div class=\"elementor-element elementor-element-afd7b09 elementor-widget elementor-widget-text-editor\" data-id=\"afd7b09\" data-element_type=\"widget\" data-e-type=\"widget\" data-widget_type=\"text-editor.default\">\n\t\t\t\t\t\t\t\t\t<p>Tidlig innh\u00f8sting i m\u00f8rkt glass for \u00e5 beskytte de mest delikate aromaene. Den ultimate siste touchen for matbordet eller som en eksklusiv gave.<\/p>\t\t\t\t\t\t\t\t<\/div>\n\t\t\t\t<div class=\"elementor-element elementor-element-bc439c5 elementor-widget elementor-widget-spacer\" data-id=\"bc439c5\" data-element_type=\"widget\" data-e-type=\"widget\" data-widget_type=\"spacer.default\">\n\t\t\t\t\t\t\t<div class=\"elementor-spacer\">\n\t\t\t<div class=\"elementor-spacer-inner\"><\/div>\n\t\t<\/div>\n\t\t\t\t\t\t<\/div>\n\t\t\t\t<div class=\"elementor-element elementor-element-3687551 elementor-align-center elementor-widget elementor-widget-button\" data-id=\"3687551\" data-element_type=\"widget\" data-e-type=\"widget\" data-widget_type=\"button.default\">\n\t\t\t\t\t\t\t\t\t\t<a class=\"elementor-button elementor-button-link elementor-size-sm\" href=\"https:\/\/olimancha.com\/en\/copia\/producto\/extra-virgin-olive-oil-aberquina-premium-selection-500ml\/\">\n\t\t\t\t\t\t<span class=\"elementor-button-content-wrapper\">\n\t\t\t\t\t\t\t\t\t<span class=\"elementor-button-text\">Se produkt<\/span>\n\t\t\t\t\t<\/span>\n\t\t\t\t\t<\/a>\n\t\t\t\t\t\t\t\t<\/div>\n\t\t\t\t<\/div>\n\t\t<div class=\"elementor-element elementor-element-e6af573 e-con-full e-flex e-con e-child\" data-id=\"e6af573\" data-element_type=\"container\" data-e-type=\"container\">\n\t\t\t\t<div class=\"elementor-element elementor-element-9f4f4c2 elementor-widget elementor-widget-image\" data-id=\"9f4f4c2\" data-element_type=\"widget\" data-e-type=\"widget\" data-widget_type=\"image.default\">\n\t\t\t\t\t\t\t\t\t\t\t\t\t\t\t<img loading=\"lazy\" decoding=\"async\" width=\"800\" height=\"800\" src=\"https:\/\/olimancha.com\/wp-content\/uploads\/2026\/03\/olimancha-olive-oil-family-format-5l.webp\" class=\"attachment-large size-large wp-image-698\" alt=\"HORECA Professional 5L \u2013 Storformat ekstra jomfru olivenolje for kokker\" srcset=\"https:\/\/olimancha.com\/wp-content\/uploads\/2026\/03\/olimancha-olive-oil-family-format-5l.webp 1000w, https:\/\/olimancha.com\/wp-content\/uploads\/2026\/03\/olimancha-olive-oil-family-format-5l-300x300.webp 300w, https:\/\/olimancha.com\/wp-content\/uploads\/2026\/03\/olimancha-olive-oil-family-format-5l-150x150.webp 150w, https:\/\/olimancha.com\/wp-content\/uploads\/2026\/03\/olimancha-olive-oil-family-format-5l-768x768.webp 768w, https:\/\/olimancha.com\/wp-content\/uploads\/2026\/03\/olimancha-olive-oil-family-format-5l-12x12.webp 12w, https:\/\/olimancha.com\/wp-content\/uploads\/2026\/03\/olimancha-olive-oil-family-format-5l-500x500.webp 500w, https:\/\/olimancha.com\/wp-content\/uploads\/2026\/03\/olimancha-olive-oil-family-format-5l-600x600.webp 600w, https:\/\/olimancha.com\/wp-content\/uploads\/2026\/03\/olimancha-olive-oil-family-format-5l-100x100.webp 100w\" sizes=\"(max-width: 800px) 100vw, 800px\" \/>\t\t\t\t\t\t\t\t\t\t\t\t\t\t\t<\/div>\n\t\t\t\t<div class=\"elementor-element elementor-element-800c3f9 elementor-widget elementor-widget-heading\" data-id=\"800c3f9\" data-element_type=\"widget\" data-e-type=\"widget\" data-widget_type=\"heading.default\">\n\t\t\t\t\t<h3 class=\"elementor-heading-title elementor-size-default\">HORECA Professional (5L)<\/h3>\t\t\t\t<\/div>\n\t\t\t\t<div class=\"elementor-element elementor-element-93b9dd1 elementor-widget elementor-widget-text-editor\" data-id=\"93b9dd1\" data-element_type=\"widget\" data-e-type=\"widget\" data-widget_type=\"text-editor.default\">\n\t\t\t\t\t\t\t\t\t<p>Designet for kokker som nekter \u00e5 g\u00e5 p\u00e5 kompromiss med kvalitet. H\u00f8y ytelse og stabilitet for profesjonelle kj\u00f8kken i et effektivt format.<\/p>\t\t\t\t\t\t\t\t<\/div>\n\t\t\t\t<div class=\"elementor-element elementor-element-f9a71bd elementor-widget elementor-widget-spacer\" data-id=\"f9a71bd\" data-element_type=\"widget\" data-e-type=\"widget\" data-widget_type=\"spacer.default\">\n\t\t\t\t\t\t\t<div class=\"elementor-spacer\">\n\t\t\t<div class=\"elementor-spacer-inner\"><\/div>\n\t\t<\/div>\n\t\t\t\t\t\t<\/div>\n\t\t\t\t<div class=\"elementor-element elementor-element-cd8037d elementor-align-center elementor-widget elementor-widget-button\" data-id=\"cd8037d\" data-element_type=\"widget\" data-e-type=\"widget\" data-widget_type=\"button.default\">\n\t\t\t\t\t\t\t\t\t\t<a class=\"elementor-button elementor-button-link elementor-size-sm\" href=\"https:\/\/olimancha.com\/en\/copia\/producto\/cornicabra-extra-virgin-olive-oil-professional-chef-edition-5l\/\">\n\t\t\t\t\t\t<span class=\"elementor-button-content-wrapper\">\n\t\t\t\t\t\t\t\t\t<span class=\"elementor-button-text\">Be om tilbud<\/span>\n\t\t\t\t\t<\/span>\n\t\t\t\t\t<\/a>\n\t\t\t\t\t\t\t\t<\/div>\n\t\t\t\t<\/div>\n\t\t\t\t\t<\/div>\n\t\t\t\t<\/div>\n\t\t\t\t<\/div>","protected":false},"excerpt":{"rendered":"<p>Premium spansk olivenolje \u2013 Ekstra jomfru fra Castilla-La Mancha Ekte spansk olivenolje: Fra v\u00e5re lunder til det norske bord Oppdag v\u00e5r sjel SJELEN I CASTILLA-LA MANCHA Olivenolje med dype r\u00f8tter: En spansk generasjonsarv Siden antikken har jordsmonnet i Ciudad Real v\u00e6rt vuggen for det &#8216;flytende gullet&#8217;. I hjertet av Montes de Toledo trives v\u00e5re oliventr\u00e6r [&hellip;]<\/p>\n","protected":false},"author":2,"featured_media":0,"parent":0,"menu_order":0,"comment_status":"closed","ping_status":"closed","template":"","meta":{"_eb_attr":"","wprm-recipe-roundup-name":"","wprm-recipe-roundup-description":"","footnotes":""},"class_list":["post-18","page","type-page","status-publish","hentry"],"_links":{"self":[{"href":"https:\/\/olimancha.com\/en\/wp-json\/wp\/v2\/pages\/18","targetHints":{"allow":["GET"]}}],"collection":[{"href":"https:\/\/olimancha.com\/en\/wp-json\/wp\/v2\/pages"}],"about":[{"href":"https:\/\/olimancha.com\/en\/wp-json\/wp\/v2\/types\/page"}],"author":[{"embeddable":true,"href":"https:\/\/olimancha.com\/en\/wp-json\/wp\/v2\/users\/2"}],"replies":[{"embeddable":true,"href":"https:\/\/olimancha.com\/en\/wp-json\/wp\/v2\/comments?post=18"}],"version-history":[{"count":278,"href":"https:\/\/olimancha.com\/en\/wp-json\/wp\/v2\/pages\/18\/revisions"}],"predecessor-version":[{"id":767,"href":"https:\/\/olimancha.com\/en\/wp-json\/wp\/v2\/pages\/18\/revisions\/767"}],"wp:attachment":[{"href":"https:\/\/olimancha.com\/en\/wp-json\/wp\/v2\/media?parent=18"}],"curies":[{"name":"wp","href":"https:\/\/api.w.org\/{rel}","templated":true}]}}