{"id":284,"date":"2025-12-28T10:12:09","date_gmt":"2025-12-28T09:12:09","guid":{"rendered":"http:\/\/aceite-oliva-virgen-extra-sol-de-la-mancha.local\/copia\/?page_id=284"},"modified":"2026-04-11T11:58:31","modified_gmt":"2026-04-11T09:58:31","slug":"our-land","status":"publish","type":"page","link":"https:\/\/olimancha.com\/en\/our-land\/","title":{"rendered":"Our Land"},"content":{"rendered":"<div data-elementor-type=\"wp-page\" data-elementor-id=\"284\" class=\"elementor elementor-284\">\n\t\t\t\t<div class=\"elementor-element elementor-element-580de26 e-flex e-con-boxed e-con e-parent\" data-id=\"580de26\" data-element_type=\"container\" data-e-type=\"container\">\n\t\t\t\t\t<div class=\"e-con-inner\">\n\t\t<div class=\"elementor-element elementor-element-09da55c e-con-full e-flex e-con e-child\" data-id=\"09da55c\" data-element_type=\"container\" data-e-type=\"container\">\n\t\t\t\t<div class=\"elementor-element elementor-element-d052d7d elementor-widget elementor-widget-heading\" data-id=\"d052d7d\" data-element_type=\"widget\" data-e-type=\"widget\" data-widget_type=\"heading.default\">\n\t\t\t\t\t<h2 class=\"elementor-heading-title elementor-size-default\">Spanias ville hjerte<\/h2>\t\t\t\t<\/div>\n\t\t\t\t<div class=\"elementor-element elementor-element-64150bc elementor-widget elementor-widget-text-editor\" data-id=\"64150bc\" data-element_type=\"widget\" data-e-type=\"widget\" data-widget_type=\"text-editor.default\">\n\t\t\t\t\t\t\t\t\t<p>V\u00e5re olivenlunder ligger i Montes de Toledo, en kupert fjellkjede i hjertet av den iberiske halv\u00f8y.<\/p><p>Til forskjell fra de flate slettene i andre regioner, vokser tr\u00e6rne v\u00e5re i et h\u00f8ytliggende terreng med kalde vintre og t\u00f8rre somre. Dette naturlige stresset tvinger oliventr\u00e6rne til \u00e5 kjempe for \u00e5 overleve, noe som gir en h\u00f8yere konsentrasjon av <strong>polyfenoler og antioksidanter<\/strong>. Resultatet? En olje med overlegen stabilitet og den intense, krydrede karakteren til den ekte Cornicabra-varianten.<\/p>\t\t\t\t\t\t\t\t<\/div>\n\t\t\t\t<\/div>\n\t\t<div class=\"elementor-element elementor-element-80cad35 e-con-full e-flex e-con e-child\" data-id=\"80cad35\" data-element_type=\"container\" data-e-type=\"container\">\n\t\t\t\t<div class=\"elementor-element elementor-element-1829548 elementor-widget elementor-widget-image\" data-id=\"1829548\" data-element_type=\"widget\" data-e-type=\"widget\" data-widget_type=\"image.default\">\n\t\t\t\t\t\t\t\t\t\t\t\t\t\t\t<img fetchpriority=\"high\" decoding=\"async\" width=\"800\" height=\"598\" src=\"https:\/\/olimancha.com\/wp-content\/uploads\/2025\/12\/montes-de-toledo-olive-groves-landspace.jpg-1024x765.webp\" class=\"attachment-large size-large wp-image-286\" alt=\"Pittoresk spansk landsby omgitt av olivenlunder i Montes de Toledo\" srcset=\"https:\/\/olimancha.com\/wp-content\/uploads\/2025\/12\/montes-de-toledo-olive-groves-landspace.jpg-1024x765.webp 1024w, https:\/\/olimancha.com\/wp-content\/uploads\/2025\/12\/montes-de-toledo-olive-groves-landspace.jpg-300x224.webp 300w, https:\/\/olimancha.com\/wp-content\/uploads\/2025\/12\/montes-de-toledo-olive-groves-landspace.jpg-768x573.webp 768w, https:\/\/olimancha.com\/wp-content\/uploads\/2025\/12\/montes-de-toledo-olive-groves-landspace.jpg-500x375.webp 500w, https:\/\/olimancha.com\/wp-content\/uploads\/2025\/12\/montes-de-toledo-olive-groves-landspace.jpg-600x448.webp 600w, https:\/\/olimancha.com\/wp-content\/uploads\/2025\/12\/montes-de-toledo-olive-groves-landspace.jpg.webp 1200w\" sizes=\"(max-width: 800px) 100vw, 800px\" \/>\t\t\t\t\t\t\t\t\t\t\t\t\t\t\t<\/div>\n\t\t\t\t<\/div>\n\t\t\t\t\t<\/div>\n\t\t\t\t<\/div>\n\t\t<div class=\"elementor-element elementor-element-5c68e29 e-flex e-con-boxed e-con e-parent\" data-id=\"5c68e29\" data-element_type=\"container\" data-e-type=\"container\">\n\t\t\t\t\t<div class=\"e-con-inner\">\n\t\t<div class=\"elementor-element elementor-element-aaf1e9d e-con-full e-flex e-con e-child\" data-id=\"aaf1e9d\" data-element_type=\"container\" data-e-type=\"container\">\n\t\t\t\t<div class=\"elementor-element elementor-element-b511299 elementor-widget elementor-widget-heading\" data-id=\"b511299\" data-element_type=\"widget\" data-e-type=\"widget\" data-widget_type=\"heading.default\">\n\t\t\t\t\t<h2 class=\"elementor-heading-title elementor-size-default\">Naboer til Caba\u00f1eros nasjonalpark<\/h2>\t\t\t\t<\/div>\n\t\t\t\t<div class=\"elementor-element elementor-element-fab337a elementor-widget elementor-widget-text-editor\" data-id=\"fab337a\" data-element_type=\"widget\" data-e-type=\"widget\" data-widget_type=\"text-editor.default\">\n\t\t\t\t\t\t\t\t\t<p>Vi er privilegerte som driver landbruk ved siden av Caba\u00f1eros, kjent som &laquo;Spanias Serengeti&raquo;.<br \/>N\u00e6rheten til en av Europas best bevarte middelhavsskoger garanterer ren luft og et rikt biologisk mangfold som fungerer som et naturlig skjold for v\u00e5re avlinger. Her vokser olivene v\u00e5re i harmoni med et unikt \u00f8kosystem, noe som gir hver dr\u00e5pe av Olimancha en renhet du kan smake.<\/p>\t\t\t\t\t\t\t\t<\/div>\n\t\t\t\t<\/div>\n\t\t<div class=\"elementor-element elementor-element-94894cc e-con-full e-flex e-con e-child\" data-id=\"94894cc\" data-element_type=\"container\" data-e-type=\"container\">\n\t\t\t\t<div class=\"elementor-element elementor-element-e735987 elementor-widget elementor-widget-image\" data-id=\"e735987\" data-element_type=\"widget\" data-e-type=\"widget\" data-widget_type=\"image.default\">\n\t\t\t\t\t\t\t\t\t\t\t\t\t\t\t<img decoding=\"async\" width=\"800\" height=\"598\" src=\"https:\/\/olimancha.com\/wp-content\/uploads\/2025\/12\/cabaneros-national-park-wildlife-spain.jpg.webp\" class=\"attachment-large size-large wp-image-287\" alt=\"Ville dyr i Caba\u00f1eros nasjonalpark n\u00e6r v\u00e5re olivenlunder\" srcset=\"https:\/\/olimancha.com\/wp-content\/uploads\/2025\/12\/cabaneros-national-park-wildlife-spain.jpg.webp 1024w, https:\/\/olimancha.com\/wp-content\/uploads\/2025\/12\/cabaneros-national-park-wildlife-spain.jpg-300x224.webp 300w, https:\/\/olimancha.com\/wp-content\/uploads\/2025\/12\/cabaneros-national-park-wildlife-spain.jpg-768x574.webp 768w, https:\/\/olimancha.com\/wp-content\/uploads\/2025\/12\/cabaneros-national-park-wildlife-spain.jpg-500x375.webp 500w, https:\/\/olimancha.com\/wp-content\/uploads\/2025\/12\/cabaneros-national-park-wildlife-spain.jpg-600x448.webp 600w\" sizes=\"(max-width: 800px) 100vw, 800px\" \/>\t\t\t\t\t\t\t\t\t\t\t\t\t\t\t<\/div>\n\t\t\t\t<\/div>\n\t\t\t\t\t<\/div>\n\t\t\t\t<\/div>\n\t\t<div class=\"elementor-element elementor-element-2b37fa2 e-flex e-con-boxed e-con e-parent\" data-id=\"2b37fa2\" data-element_type=\"container\" data-e-type=\"container\">\n\t\t\t\t\t<div class=\"e-con-inner\">\n\t\t<div class=\"elementor-element elementor-element-2b0081c e-con-full e-flex e-con e-child\" data-id=\"2b0081c\" data-element_type=\"container\" data-e-type=\"container\">\n\t\t\t\t<div class=\"elementor-element elementor-element-e730031 elementor-widget elementor-widget-heading\" data-id=\"e730031\" data-element_type=\"widget\" data-e-type=\"widget\" data-widget_type=\"heading.default\">\n\t\t\t\t\t<h2 class=\"elementor-heading-title elementor-size-default\">Et land med kjemper og legender<\/h2>\t\t\t\t<\/div>\n\t\t\t\t<div class=\"elementor-element elementor-element-59529b3 elementor-widget elementor-widget-text-editor\" data-id=\"59529b3\" data-element_type=\"widget\" data-e-type=\"widget\" data-widget_type=\"text-editor.default\">\n\t\t\t\t\t\t\t\t\t<p>Ciudad Real og Toledo er omr\u00e5der rike p\u00e5 historie. Vi produserer v\u00e5rt flytende gull p\u00e5 de samme markene som inspirerte Miguel de Cervantes til \u00e5 skrive &#8216;Don Quixote&#8217; for over 400 \u00e5r siden.<br \/>Akkurat som den legendariske ridderen, drives vi av lidenskap og jakten p\u00e5 et ideal: \u00e5 produsere den perfekte ekstra jomfru olivenolje. Det er en tidl\u00f8s tradisjon, brakt direkte fra kjempenes land til ditt bord.<\/p>\t\t\t\t\t\t\t\t<\/div>\n\t\t\t\t<\/div>\n\t\t<div class=\"elementor-element elementor-element-34f4a20 e-con-full e-flex e-con e-child\" data-id=\"34f4a20\" data-element_type=\"container\" data-e-type=\"container\">\n\t\t\t\t<div class=\"elementor-element elementor-element-f9653de elementor-widget elementor-widget-image\" data-id=\"f9653de\" data-element_type=\"widget\" data-e-type=\"widget\" data-widget_type=\"image.default\">\n\t\t\t\t\t\t\t\t\t\t\t\t\t\t\t<img decoding=\"async\" width=\"800\" height=\"598\" src=\"https:\/\/olimancha.com\/wp-content\/uploads\/2025\/12\/don-quixote-windmills-consuegra-spain.jpg.webp\" class=\"attachment-large size-large wp-image-288\" alt=\"Vindm\u00f8ller i La Mancha \u2013 Inspirasjonen bak Don Quixote og Olimancha\" srcset=\"https:\/\/olimancha.com\/wp-content\/uploads\/2025\/12\/don-quixote-windmills-consuegra-spain.jpg.webp 1024w, https:\/\/olimancha.com\/wp-content\/uploads\/2025\/12\/don-quixote-windmills-consuegra-spain.jpg-300x224.webp 300w, https:\/\/olimancha.com\/wp-content\/uploads\/2025\/12\/don-quixote-windmills-consuegra-spain.jpg-768x574.webp 768w, https:\/\/olimancha.com\/wp-content\/uploads\/2025\/12\/don-quixote-windmills-consuegra-spain.jpg-500x375.webp 500w, https:\/\/olimancha.com\/wp-content\/uploads\/2025\/12\/don-quixote-windmills-consuegra-spain.jpg-600x448.webp 600w\" sizes=\"(max-width: 800px) 100vw, 800px\" \/>\t\t\t\t\t\t\t\t\t\t\t\t\t\t\t<\/div>\n\t\t\t\t<\/div>\n\t\t\t\t\t<\/div>\n\t\t\t\t<\/div>\n\t\t\t\t<\/div>","protected":false},"excerpt":{"rendered":"<p>Spanias ville hjerte V\u00e5re olivenlunder ligger i Montes de Toledo, en kupert fjellkjede i hjertet av den iberiske halv\u00f8y. Til forskjell fra de flate slettene i andre regioner, vokser tr\u00e6rne v\u00e5re i et h\u00f8ytliggende terreng med kalde vintre og t\u00f8rre somre. Dette naturlige stresset tvinger oliventr\u00e6rne til \u00e5 kjempe for \u00e5 overleve, noe som gir [&hellip;]<\/p>\n","protected":false},"author":2,"featured_media":0,"parent":0,"menu_order":0,"comment_status":"closed","ping_status":"closed","template":"","meta":{"_eb_attr":"","wprm-recipe-roundup-name":"","wprm-recipe-roundup-description":"","footnotes":""},"class_list":["post-284","page","type-page","status-publish","hentry"],"_links":{"self":[{"href":"https:\/\/olimancha.com\/en\/wp-json\/wp\/v2\/pages\/284","targetHints":{"allow":["GET"]}}],"collection":[{"href":"https:\/\/olimancha.com\/en\/wp-json\/wp\/v2\/pages"}],"about":[{"href":"https:\/\/olimancha.com\/en\/wp-json\/wp\/v2\/types\/page"}],"author":[{"embeddable":true,"href":"https:\/\/olimancha.com\/en\/wp-json\/wp\/v2\/users\/2"}],"replies":[{"embeddable":true,"href":"https:\/\/olimancha.com\/en\/wp-json\/wp\/v2\/comments?post=284"}],"version-history":[{"count":40,"href":"https:\/\/olimancha.com\/en\/wp-json\/wp\/v2\/pages\/284\/revisions"}],"predecessor-version":[{"id":812,"href":"https:\/\/olimancha.com\/en\/wp-json\/wp\/v2\/pages\/284\/revisions\/812"}],"wp:attachment":[{"href":"https:\/\/olimancha.com\/en\/wp-json\/wp\/v2\/media?parent=284"}],"curies":[{"name":"wp","href":"https:\/\/api.w.org\/{rel}","templated":true}]}}