{"id":490,"date":"2025-12-30T18:41:23","date_gmt":"2025-12-30T17:41:23","guid":{"rendered":"http:\/\/aceite-oliva-virgen-extra-sol-de-la-mancha.local\/copia\/?page_id=490"},"modified":"2026-04-05T18:11:29","modified_gmt":"2026-04-05T16:11:29","slug":"legal-notice","status":"publish","type":"page","link":"https:\/\/olimancha.com\/en\/legal-notice\/","title":{"rendered":"Legal Notice"},"content":{"rendered":"<div data-elementor-type=\"wp-page\" data-elementor-id=\"490\" class=\"elementor elementor-490\">\n\t\t\t\t<div class=\"elementor-element elementor-element-d698c1d e-flex e-con-boxed e-con e-parent\" data-id=\"d698c1d\" data-element_type=\"container\" data-e-type=\"container\">\n\t\t\t\t\t<div class=\"e-con-inner\">\n\t\t\t\t<div class=\"elementor-element elementor-element-3f89fde elementor-widget elementor-widget-text-editor\" data-id=\"3f89fde\" data-element_type=\"widget\" data-e-type=\"widget\" data-widget_type=\"text-editor.default\">\n\t\t\t\t\t\t\t\t\t<h3 data-path-to-node=\"3\">Juridisk merknad og bruksvilk\u00e5r<\/h3><p data-path-to-node=\"4\"><b data-path-to-node=\"4\" data-index-in-node=\"0\">1. IDENTIFIKASJONSDATA<\/b> I samsvar med informasjonsplikten i artikkel 10 i lov 34\/2002 av 11. juli om tjenester i informasjonssamfunnet og elektronisk handel, er f\u00f8lgende data oppgitt:<\/p><ul data-path-to-node=\"5\"><li><p data-path-to-node=\"5,0,0\"><b data-path-to-node=\"5,0,0\" data-index-in-node=\"0\">Selskapets eier:<\/b> OLIMANCHA S.L.U.<\/p><\/li><li><p data-path-to-node=\"5,1,0\"><b data-path-to-node=\"5,1,0\" data-index-in-node=\"0\">Organisasjonsnummer (NIF):<\/b> B-12345678<\/p><\/li><li><p data-path-to-node=\"5,2,0\"><b data-path-to-node=\"5,2,0\" data-index-in-node=\"0\">Registrert adresse:<\/b> Carretera Toledo CM-403, El Torno, C.P. 13194, Ciudad Real, Spania.<\/p><\/li><li><p data-path-to-node=\"5,3,0\"><b data-path-to-node=\"5,3,0\" data-index-in-node=\"0\">E-post:<\/b> OlimanchasLU@gmail.com<\/p><\/li><li><p data-path-to-node=\"5,4,0\"><b data-path-to-node=\"5,4,0\" data-index-in-node=\"0\">Telefon:<\/b> +34 670 90 70 51<\/p><\/li><\/ul><p data-path-to-node=\"6\"><b data-path-to-node=\"6\" data-index-in-node=\"0\">2. BRUKERE<\/b> Tilgang til og\/eller bruk av denne portalen gir deg status som BRUKER, som aksepterer de generelle bruksvilk\u00e5rene som er angitt her.<\/p><p data-path-to-node=\"7\"><b data-path-to-node=\"7\" data-index-in-node=\"0\">3. BRUK AV PORTALEN<\/b> Nettstedet gir tilgang til informasjon, tjenester og data som tilh\u00f8rer OLIMANCHA S.L.U. Brukeren p\u00e5tar seg ansvaret for bruken av portalen.<\/p><p data-path-to-node=\"8\"><b data-path-to-node=\"8\" data-index-in-node=\"0\">4. IMMATERIELLE RETTIGHETER<\/b> OLIMANCHA S.L.U. er eier av alle immaterielle rettigheter til nettstedet, samt elementene p\u00e5 det (bilder, lyd, video, programvare eller tekster; varemerker eller logoer, fargekombinasjoner, struktur og design, etc.). Alle rettigheter forbeholdt.<\/p><p data-path-to-node=\"9\"><b data-path-to-node=\"9\" data-index-in-node=\"0\">5. ANSVARSFRASKRIVELSE<\/b> OLIMANCHA S.L.U. er ikke ansvarlig for skader av noe slag som kan oppst\u00e5 som f\u00f8lge av for eksempel: feil eller utelatelser i innholdet, manglende tilgjengelighet p\u00e5 portalen eller overf\u00f8ring av virus eller skadelige programmer, til tross for at alle n\u00f8dvendige tekniske tiltak er tatt for \u00e5 unng\u00e5 det.<\/p><p data-path-to-node=\"10\"><b data-path-to-node=\"10\" data-index-in-node=\"0\">6. ENDRINGER<\/b> OLIMANCHA S.L.U. forbeholder seg retten til \u00e5 foreta endringer i portalen uten forvarsel, og kan endre, slette eller legge til innhold og tjenester.<\/p><p data-path-to-node=\"11\"><b data-path-to-node=\"11\" data-index-in-node=\"0\">7. GJELDENDE LOV OG JURISDIKSJON<\/b> Forholdet mellom OLIMANCHA S.L.U. og BRUKEREN skal reguleres av gjeldende spansk regelverk, og enhver tvist vil bli forelagt domstolene i byen Ciudad Real.<\/p><hr data-path-to-node=\"12\" \/>\t\t\t\t\t\t\t\t<\/div>\n\t\t\t\t\t<\/div>\n\t\t\t\t<\/div>\n\t\t\t\t<\/div>","protected":false},"excerpt":{"rendered":"<p>Juridisk merknad og bruksvilk\u00e5r 1. IDENTIFIKASJONSDATA I samsvar med informasjonsplikten i artikkel 10 i lov 34\/2002 av 11. juli om tjenester i informasjonssamfunnet og elektronisk handel, er f\u00f8lgende data oppgitt: Selskapets eier: OLIMANCHA S.L.U. Organisasjonsnummer (NIF): B-12345678 Registrert adresse: Carretera Toledo CM-403, El Torno, C.P. 13194, Ciudad Real, Spania. E-post: OlimanchasLU@gmail.com Telefon: +34 670 90 [&hellip;]<\/p>\n","protected":false},"author":2,"featured_media":0,"parent":0,"menu_order":0,"comment_status":"closed","ping_status":"closed","template":"","meta":{"_eb_attr":"","wprm-recipe-roundup-name":"","wprm-recipe-roundup-description":"","footnotes":""},"class_list":["post-490","page","type-page","status-publish","hentry"],"_links":{"self":[{"href":"https:\/\/olimancha.com\/en\/wp-json\/wp\/v2\/pages\/490","targetHints":{"allow":["GET"]}}],"collection":[{"href":"https:\/\/olimancha.com\/en\/wp-json\/wp\/v2\/pages"}],"about":[{"href":"https:\/\/olimancha.com\/en\/wp-json\/wp\/v2\/types\/page"}],"author":[{"embeddable":true,"href":"https:\/\/olimancha.com\/en\/wp-json\/wp\/v2\/users\/2"}],"replies":[{"embeddable":true,"href":"https:\/\/olimancha.com\/en\/wp-json\/wp\/v2\/comments?post=490"}],"version-history":[{"count":18,"href":"https:\/\/olimancha.com\/en\/wp-json\/wp\/v2\/pages\/490\/revisions"}],"predecessor-version":[{"id":777,"href":"https:\/\/olimancha.com\/en\/wp-json\/wp\/v2\/pages\/490\/revisions\/777"}],"wp:attachment":[{"href":"https:\/\/olimancha.com\/en\/wp-json\/wp\/v2\/media?parent=490"}],"curies":[{"name":"wp","href":"https:\/\/api.w.org\/{rel}","templated":true}]}}