{"id":504,"date":"2025-12-30T18:58:55","date_gmt":"2025-12-30T17:58:55","guid":{"rendered":"http:\/\/aceite-oliva-virgen-extra-sol-de-la-mancha.local\/copia\/?page_id=504"},"modified":"2026-04-05T18:16:51","modified_gmt":"2026-04-05T16:16:51","slug":"privacy-policy","status":"publish","type":"page","link":"https:\/\/olimancha.com\/en\/privacy-policy\/","title":{"rendered":"Privacy Policy"},"content":{"rendered":"<div data-elementor-type=\"wp-page\" data-elementor-id=\"504\" class=\"elementor elementor-504\">\n\t\t\t\t<div class=\"elementor-element elementor-element-b877348 e-flex e-con-boxed e-con e-parent\" data-id=\"b877348\" data-element_type=\"container\" data-e-type=\"container\">\n\t\t\t\t\t<div class=\"e-con-inner\">\n\t\t\t\t<div class=\"elementor-element elementor-element-b02da07 elementor-widget elementor-widget-text-editor\" data-id=\"b02da07\" data-element_type=\"widget\" data-e-type=\"widget\" data-widget_type=\"text-editor.default\">\n\t\t\t\t\t\t\t\t\t<h3 data-path-to-node=\"3\">Personvernerkl\u00e6ring<\/h3><p data-path-to-node=\"4\"><span data-path-to-node=\"4,0\"><b data-path-to-node=\"4,0\" data-index-in-node=\"0\">1. GRUNNLEGGENDE INFORMASJON OM DATABESKYTTELSE<\/b> <\/span><span data-path-to-node=\"4,2\"><span class=\"citation-74\">I samsvar med personvernforordningen (GDPR) (EU) 2016\/679, informerer vi deg om at personopplysningene du oppgir vil bli behandlet av OLIMANCHA S.L.U. for \u00e5 administrere din foresp\u00f8rsel og\/eller opprettholde det kommersielle forholdet. <\/span><\/span><\/p><p data-path-to-node=\"5\"><b data-path-to-node=\"5\" data-index-in-node=\"0\">2. DETALJERT INFORMASJON OM DATABESKYTTELSE<\/b><\/p><p data-path-to-node=\"6\"><b data-path-to-node=\"6\" data-index-in-node=\"0\">2.1. Hvem er behandlingsansvarlig for dine opplysninger?<\/b><\/p><ul data-path-to-node=\"7\"><li><p data-path-to-node=\"7,0,0\"><b data-path-to-node=\"7,0,0\" data-index-in-node=\"0\">Identitet:<\/b> OLIMANCHA S.L.U.<\/p><\/li><li><p data-path-to-node=\"7,1,0\"><b data-path-to-node=\"7,1,0\" data-index-in-node=\"0\">Organisasjonsnummer (NIF):<\/b> B-12345678<\/p><\/li><li><p data-path-to-node=\"7,2,0\"><b data-path-to-node=\"7,2,0\" data-index-in-node=\"0\">Postadresse:<\/b> Carretera Toledo CM-403, El Torno, C.P. 13194, Ciudad Real, Spania.<\/p><\/li><li><p data-path-to-node=\"7,3,0\"><b data-path-to-node=\"7,3,0\" data-index-in-node=\"0\">E-post:<\/b> OlimanchasLU@gmail.com<\/p><\/li><\/ul><p data-path-to-node=\"8\"><span data-path-to-node=\"8,0\"><b data-path-to-node=\"8,0\" data-index-in-node=\"0\">2.2. For hvilket form\u00e5l behandler vi dine personopplysninger?<\/b> <\/span><span data-path-to-node=\"8,2\"><span class=\"citation-73\">Hos OLIMANCHA S.L.U. behandler vi informasjonen gitt av interesserte parter for \u00e5 administrere kj\u00f8p av produkter i v\u00e5r nettbutikk, sende bestillinger til oppgitt adresse og, hvis du har samtykket til det, sende kommersiell kommunikasjon relatert til v\u00e5re produkter. <\/span><\/span><\/p><div class=\"source-inline-chip-container ng-star-inserted\">\u00a0<\/div><p data-path-to-node=\"9\"><b data-path-to-node=\"9\" data-index-in-node=\"0\">2.3. Hva er det rettslige grunnlaget for behandlingen av dine opplysninger?<\/b> Det rettslige grunnlaget for behandlingen av dine data er gjennomf\u00f8ringen av kj\u00f8pskontrakten for v\u00e5re produkter. Tilbudet av produkter og tjenester er basert p\u00e5 samtykket som er forespurt, uten at tilbaketrekking av dette samtykket under noen omstendigheter betinger gjennomf\u00f8ringen av kj\u00f8pskontrakten.<\/p><p data-path-to-node=\"10\"><b data-path-to-node=\"10\" data-index-in-node=\"0\">2.4. Hvem vil opplysningene dine bli delt med?<\/b> Opplysningene vil ikke bli kommunisert til tredjeparter, unntatt ved rettslig forpliktelse eller til transportselskaper som er n\u00f8dvendige for \u00e5 levere bestillingen din.<\/p><p data-path-to-node=\"11\"><b data-path-to-node=\"11\" data-index-in-node=\"0\">2.5. Hvilke rettigheter har du n\u00e5r du oppgir dine opplysninger til oss?<\/b> Alle har rett til \u00e5 f\u00e5 bekreftelse p\u00e5 om OLIMANCHA S.L.U. behandler personopplysninger som ang\u00e5r dem eller ikke. Interessenter har rett til \u00e5 f\u00e5 tilgang til sine personopplysninger, samt \u00e5 be om retting av un\u00f8yaktige data eller, der det er hensiktsmessig, be om sletting n\u00e5r dataene blant annet ikke lenger er n\u00f8dvendige for form\u00e5lene de ble samlet inn for.<\/p>\t\t\t\t\t\t\t\t<\/div>\n\t\t\t\t\t<\/div>\n\t\t\t\t<\/div>\n\t\t\t\t<\/div>","protected":false},"excerpt":{"rendered":"<p>Personvernerkl\u00e6ring 1. GRUNNLEGGENDE INFORMASJON OM DATABESKYTTELSE I samsvar med personvernforordningen (GDPR) (EU) 2016\/679, informerer vi deg om at personopplysningene du oppgir vil bli behandlet av OLIMANCHA S.L.U. for \u00e5 administrere din foresp\u00f8rsel og\/eller opprettholde det kommersielle forholdet. 2. DETALJERT INFORMASJON OM DATABESKYTTELSE 2.1. Hvem er behandlingsansvarlig for dine opplysninger? Identitet: OLIMANCHA S.L.U. Organisasjonsnummer (NIF): B-12345678 [&hellip;]<\/p>\n","protected":false},"author":2,"featured_media":0,"parent":0,"menu_order":0,"comment_status":"closed","ping_status":"closed","template":"","meta":{"_eb_attr":"","wprm-recipe-roundup-name":"","wprm-recipe-roundup-description":"","footnotes":""},"class_list":["post-504","page","type-page","status-publish","hentry"],"_links":{"self":[{"href":"https:\/\/olimancha.com\/en\/wp-json\/wp\/v2\/pages\/504","targetHints":{"allow":["GET"]}}],"collection":[{"href":"https:\/\/olimancha.com\/en\/wp-json\/wp\/v2\/pages"}],"about":[{"href":"https:\/\/olimancha.com\/en\/wp-json\/wp\/v2\/types\/page"}],"author":[{"embeddable":true,"href":"https:\/\/olimancha.com\/en\/wp-json\/wp\/v2\/users\/2"}],"replies":[{"embeddable":true,"href":"https:\/\/olimancha.com\/en\/wp-json\/wp\/v2\/comments?post=504"}],"version-history":[{"count":15,"href":"https:\/\/olimancha.com\/en\/wp-json\/wp\/v2\/pages\/504\/revisions"}],"predecessor-version":[{"id":783,"href":"https:\/\/olimancha.com\/en\/wp-json\/wp\/v2\/pages\/504\/revisions\/783"}],"wp:attachment":[{"href":"https:\/\/olimancha.com\/en\/wp-json\/wp\/v2\/media?parent=504"}],"curies":[{"name":"wp","href":"https:\/\/api.w.org\/{rel}","templated":true}]}}