{"id":164,"date":"2025-12-23T18:05:14","date_gmt":"2025-12-23T17:05:14","guid":{"rendered":"http:\/\/aceite-oliva-virgen-extra-sol-de-la-mancha.local\/copia\/?post_type=product&#038;p=164"},"modified":"2026-04-11T19:28:13","modified_gmt":"2026-04-11T17:28:13","slug":"arbequina-selection-olivenolje-500ml","status":"publish","type":"product","link":"https:\/\/olimancha.com\/en\/producto\/arbequina-selection-olivenolje-500ml\/","title":{"rendered":"Arbequina Selection \u2013 Ekstra Jomfru Olivenolje (500ml Glassflaske)"},"content":{"rendered":"<h2 data-path-to-node=\"13\"><b data-path-to-node=\"13\" data-index-in-node=\"0\">Eleganse og delikatesse i hver dr\u00e5pe<\/b><\/h2>\n<p data-path-to-node=\"14\"><code data-path-to-node=\"14\" data-index-in-node=\"0\">Dette er v\u00e5rt mesterverk. V\u00e5r <strong>Arbequina selection olivenolje 500ml<\/strong> representerer det ypperste av det v\u00e5re olivener har \u00e5 tilby. For \u00e5 bevare den eksepsjonelle aromatiske profilen, har vi valgt en m\u00f8rk glassflaske som beskytter innholdet mot lysets p\u00e5virkning.<\/code><\/p>\n<p data-path-to-node=\"15\"><code data-path-to-node=\"15\" data-index-in-node=\"0\">Denne oljen er skapt for gourmeter og de \u00f8yeblikkene der olivenoljen er hovedpersonen. Den er fl\u00f8yelsmyk, delikat og har en naturlig s\u00f8dme som skiller seg ut fra andre varianter. En sann luksus for sansene.<\/code><\/p>\n<p><b data-path-to-node=\"16\" data-index-in-node=\"0\">Ideell for kalde retter:<\/b> <code data-path-to-node=\"16\" data-index-in-node=\"29\"><\/code><\/p>\n<p data-path-to-node=\"16\"><code data-path-to-node=\"16\" data-index-in-node=\"29\">Siden dette er en Selection-olje, anbefaler vi \u00e5 bruke den r\u00e5. Den er uovertruffen til ferske salater, carpaccio av hvit fisk, eller rett og slett for \u00e5 dyppe et godt surdeigsbr\u00f8d med litt havsalt. Utforsk v\u00e5re <a href=\"https:\/\/olimancha.com\/en\/recipes\/\">oppskrifter<\/a> for mer inspirasjon.<\/code><\/p>","protected":false},"excerpt":{"rendered":"<p data-path-to-node=\"20\"><code data-path-to-node=\"20\" data-index-in-node=\"0\">V\u00e5r mest eksklusive **Arbequina-olje 500ml** presented i en elegant m\u00f8rk glassflaske. En fl\u00f8yelsmyk og fruktig smaksopplevelse, fullstendig uten bitterhet. Den perfekte gourmet-gaven til matelskere eller som et stilig innslag p\u00e5 middagsbordet.<\/code><\/p>\n<ul data-path-to-node=\"21\">\n<li>\n<p data-path-to-node=\"21,0,0\">\ud83e\udd57 <b data-path-to-node=\"21,0,0\" data-index-in-node=\"3\">Best til:<\/b> <code data-path-to-node=\"21,0,0\" data-index-in-node=\"13\">Salater, r\u00e5 fisk, gr\u00f8nnsaker og gourmet-servering.<\/code><\/p>\n<\/li>\n<li>\n<p data-path-to-node=\"21,1,0\">\u2728 <b data-path-to-node=\"21,1,0\" data-index-in-node=\"2\">Kvalitet:<\/b> <code data-path-to-node=\"21,1,0\" data-index-in-node=\"12\">Selection-serien \u2013 H\u00f8stet p\u00e5 optimalt tidspunkt.<\/code><\/p>\n<\/li>\n<\/ul>","protected":false},"featured_media":690,"comment_status":"open","ping_status":"closed","template":"","meta":{"_eb_attr":"","wprm-recipe-roundup-name":"","wprm-recipe-roundup-description":""},"product_brand":[],"product_cat":[102,104],"product_tag":[],"class_list":{"0":"post-164","1":"product","2":"type-product","3":"status-publish","4":"has-post-thumbnail","6":"product_cat-arbequina","7":"product_cat-premium-selection","9":"first","10":"instock","11":"shipping-taxable","12":"purchasable","13":"product-type-simple"},"_links":{"self":[{"href":"https:\/\/olimancha.com\/en\/wp-json\/wp\/v2\/product\/164","targetHints":{"allow":["GET"]}}],"collection":[{"href":"https:\/\/olimancha.com\/en\/wp-json\/wp\/v2\/product"}],"about":[{"href":"https:\/\/olimancha.com\/en\/wp-json\/wp\/v2\/types\/product"}],"replies":[{"embeddable":true,"href":"https:\/\/olimancha.com\/en\/wp-json\/wp\/v2\/comments?post=164"}],"wp:featuredmedia":[{"embeddable":true,"href":"https:\/\/olimancha.com\/en\/wp-json\/wp\/v2\/media\/690"}],"wp:attachment":[{"href":"https:\/\/olimancha.com\/en\/wp-json\/wp\/v2\/media?parent=164"}],"wp:term":[{"taxonomy":"product_brand","embeddable":true,"href":"https:\/\/olimancha.com\/en\/wp-json\/wp\/v2\/product_brand?post=164"},{"taxonomy":"product_cat","embeddable":true,"href":"https:\/\/olimancha.com\/en\/wp-json\/wp\/v2\/product_cat?post=164"},{"taxonomy":"product_tag","embeddable":true,"href":"https:\/\/olimancha.com\/en\/wp-json\/wp\/v2\/product_tag?post=164"}],"curies":[{"name":"wp","href":"https:\/\/api.w.org\/{rel}","templated":true}]}}