{"id":168,"date":"2025-12-23T18:27:02","date_gmt":"2025-12-23T17:27:02","guid":{"rendered":"http:\/\/aceite-oliva-virgen-extra-sol-de-la-mancha.local\/copia\/?post_type=product&#038;p=168"},"modified":"2026-04-11T19:03:21","modified_gmt":"2026-04-11T17:03:21","slug":"picual-olivenolje-1l","status":"publish","type":"product","link":"https:\/\/olimancha.com\/en\/producto\/picual-olivenolje-1l\/","title":{"rendered":"Olimancha Picual \u2013 Ekstra Jomfru Olivenolje \u2013 Familieformat (1L)"},"content":{"rendered":"<h2 data-path-to-node=\"15,0\">Picual olivenolje 1L \u2013 Den perfekte partneren<\/h2>\n<p data-path-to-node=\"11\"><code data-path-to-node=\"11\" data-index-in-node=\"33\">Vi mener at ekstra jomfru olivenolje av h\u00f8y kvalitet ikke bare b\u00f8r v\u00e6re for spesielle anledninger. Vi vil at du skal lage mat med de beste helsegarantiene hver eneste dag.<\/code><\/p>\n<p data-path-to-node=\"12\"><code data-path-to-node=\"12\" data-index-in-node=\"0\">V\u00e5r <strong>Picual olivenolje 1L<\/strong> er pakket i en praktisk PET-flaske som bevarer oljens kvalitet samtidig som den er lett, trygg \u00e5 h\u00e5ndtere i et travelt kj\u00f8kken, og fullstendig resirkulerbar.<\/code><\/p>\n<h3 data-path-to-node=\"13\"><b data-path-to-node=\"13\" data-index-in-node=\"0\">Hvorfor velge Picual?<\/b><\/h3>\n<p data-path-to-node=\"13\"><code data-path-to-node=\"13\" data-index-in-node=\"26\">Picual-sorten er vitenskapelig ansett som den mest stabile olivenoljen i verden. Den opprettholder sine sunne <a href=\"https:\/\/olimancha.com\/en\/recipes\/\">egenskaper<\/a> selv ved h\u00f8ye temperaturer (opptil 190 \u00b0C), noe som gj\u00f8r den langt overlegen solsikkeolje eller sm\u00f8r til steking og baking.<\/code><\/p>\n<h3 data-path-to-node=\"14\"><b data-path-to-node=\"14\" data-index-in-node=\"0\">Teknisk ark:<\/b><\/h3>\n<ul data-path-to-node=\"15\">\n<li>\n<p data-path-to-node=\"15,0,0\"><b data-path-to-node=\"15,0,0\" data-index-in-node=\"0\">Sort:<\/b> <code data-path-to-node=\"15,0,0\" data-index-in-node=\"6\">100 % Picual<\/code><\/p>\n<\/li>\n<li>\n<p data-path-to-node=\"15,1,0\"><b data-path-to-node=\"15,1,0\" data-index-in-node=\"0\">Format:<\/b> <code data-path-to-node=\"15,1,0\" data-index-in-node=\"8\">1L PET-flaske (Uknuselig og lett)<\/code><\/p>\n<\/li>\n<li>\n<p data-path-to-node=\"15,2,0\"><b data-path-to-node=\"15,2,0\" data-index-in-node=\"0\">Opprinnelse:<\/b> <code data-path-to-node=\"15,2,0\" data-index-in-node=\"13\">La Mancha, Spania<\/code><\/p>\n<\/li>\n<li>\n<p data-path-to-node=\"15,3,0\"><b data-path-to-node=\"15,3,0\" data-index-in-node=\"0\">Egenskap:<\/b> <code data-path-to-node=\"15,3,0\" data-index-in-node=\"10\">Sv\u00e6rt h\u00f8y oksidativ stabilitet og rik p\u00e5 polyfenoler<\/code><\/p>\n<\/li>\n<\/ul>\n<p>&nbsp;<\/p>","protected":false},"excerpt":{"rendered":"<p data-path-to-node=\"18,0\"><code data-path-to-node=\"18,0\" data-index-in-node=\"0\">Grunnpilaren i et sunt kj\u00f8kken. Denne **100 % Picual** oljen er designet for daglig bruk. Takket v\u00e6re sin h\u00f8ye stabilitet og sitt h\u00f8ye r\u00f8ykpunkt, er den det sunneste valget for steking, grilling og gryteretter.<\/code><\/p>\n<p data-path-to-node=\"18,1\">\ud83d\udd25 <b data-path-to-node=\"18,1\" data-index-in-node=\"3\">Best til:<\/b> <code data-path-to-node=\"18,1\" data-index-in-node=\"13\">Steking, baking og langtidskoking.<\/code><\/p>\n<p data-path-to-node=\"18,1\">\ud83c\udf3f <b data-path-to-node=\"18,1\" data-index-in-node=\"51\">Smak:<\/b> <code data-path-to-node=\"18,1\" data-index-in-node=\"57\">Middels intensitet som tilf\u00f8rer karakter til dine varme retter.<\/code><\/p>","protected":false},"featured_media":688,"comment_status":"open","ping_status":"closed","template":"","meta":{"_eb_attr":"","wprm-recipe-roundup-name":"","wprm-recipe-roundup-description":""},"product_brand":[],"product_cat":[103,101],"product_tag":[],"class_list":{"0":"post-168","1":"product","2":"type-product","3":"status-publish","4":"has-post-thumbnail","6":"product_cat-family-format","7":"product_cat-picual","9":"first","10":"instock","11":"shipping-taxable","12":"purchasable","13":"product-type-simple"},"_links":{"self":[{"href":"https:\/\/olimancha.com\/en\/wp-json\/wp\/v2\/product\/168","targetHints":{"allow":["GET"]}}],"collection":[{"href":"https:\/\/olimancha.com\/en\/wp-json\/wp\/v2\/product"}],"about":[{"href":"https:\/\/olimancha.com\/en\/wp-json\/wp\/v2\/types\/product"}],"replies":[{"embeddable":true,"href":"https:\/\/olimancha.com\/en\/wp-json\/wp\/v2\/comments?post=168"}],"wp:featuredmedia":[{"embeddable":true,"href":"https:\/\/olimancha.com\/en\/wp-json\/wp\/v2\/media\/688"}],"wp:attachment":[{"href":"https:\/\/olimancha.com\/en\/wp-json\/wp\/v2\/media?parent=168"}],"wp:term":[{"taxonomy":"product_brand","embeddable":true,"href":"https:\/\/olimancha.com\/en\/wp-json\/wp\/v2\/product_brand?post=168"},{"taxonomy":"product_cat","embeddable":true,"href":"https:\/\/olimancha.com\/en\/wp-json\/wp\/v2\/product_cat?post=168"},{"taxonomy":"product_tag","embeddable":true,"href":"https:\/\/olimancha.com\/en\/wp-json\/wp\/v2\/product_tag?post=168"}],"curies":[{"name":"wp","href":"https:\/\/api.w.org\/{rel}","templated":true}]}}