{"id":176,"date":"2025-12-23T18:54:04","date_gmt":"2025-12-23T17:54:04","guid":{"rendered":"http:\/\/aceite-oliva-virgen-extra-sol-de-la-mancha.local\/copia\/?post_type=product&#038;p=176"},"modified":"2026-04-11T12:56:08","modified_gmt":"2026-04-11T10:56:08","slug":"cornicabra-olivenolje-1l","status":"publish","type":"product","link":"https:\/\/olimancha.com\/en\/producto\/cornicabra-olivenolje-1l\/","title":{"rendered":"Olimancha Cornicabra \u2013 Ekstra Jomfru Olivenolje \u2013 Tradisjonell Utvalg (1L)"},"content":{"rendered":"<h2 data-path-to-node=\"17,0\">Det robuste valget for hverdagsmat<\/h2>\n<p data-path-to-node=\"12\"><code data-path-to-node=\"12\" data-index-in-node=\"50\">V\u00e5r <strong>Cornicabra olivenolje<\/strong> 1L er det robuste valget for hverdagsmat. Cornicabra er den nest mest dyrkede olivenvarianten i Spania av en god grunn: den er utrolig motstandsdyktig. Hvis du leter etter en ekstra jomfru olivenolje som presterer eksepsjonelt godt i stekepannen og tilf\u00f8rer en rustikk, autentisk smak til dine gryteretter, er dette den rette.<\/code><\/p>\n<p data-path-to-node=\"13\"><code data-path-to-node=\"13\" data-index-in-node=\"0\">Pakket i v\u00e5rt praktiske<strong> 1-liters format<\/strong>, tilbyr denne oljen den h\u00f8yeste stabiliteten mot oksidasjon. Det betyr at den holder seg frisk lenger i kj\u00f8kkenskapet ditt og t\u00e5ler varme betydelig bedre enn andre planteoljer.<\/code><\/p>\n<h3 data-path-to-node=\"14\"><b data-path-to-node=\"14\" data-index-in-node=\"0\">Teknisk ark:<\/b><\/h3>\n<ul data-path-to-node=\"15\">\n<li>\n<p data-path-to-node=\"15,0,0\"><b data-path-to-node=\"15,0,0\" data-index-in-node=\"0\">Sort:<\/b> <code data-path-to-node=\"15,0,0\" data-index-in-node=\"6\">100 % Cornicabra<\/code><\/p>\n<\/li>\n<li>\n<p data-path-to-node=\"15,1,0\"><b data-path-to-node=\"15,1,0\" data-index-in-node=\"0\">Format:<\/b> <code data-path-to-node=\"15,1,0\" data-index-in-node=\"8\">1L PET-flaske (Praktisk og lett)<\/code><\/p>\n<\/li>\n<li>\n<p data-path-to-node=\"15,2,0\"><b data-path-to-node=\"15,2,0\" data-index-in-node=\"0\">Opprinnelse:<\/b> <code data-path-to-node=\"15,2,0\" data-index-in-node=\"13\">La Mancha, Spania (Lokal variant)<\/code><\/p>\n<\/li>\n<li>\n<p data-path-to-node=\"15,3,0\"><b data-path-to-node=\"15,3,0\" data-index-in-node=\"0\">Helse:<\/b> <code data-path-to-node=\"15,3,0\" data-index-in-node=\"7\">H\u00f8yt innhold av polyfenoler og naturlige antioksidanter<\/code><\/p>\n<\/li>\n<\/ul>\n<h3 data-path-to-node=\"16\"><b data-path-to-node=\"16\" data-index-in-node=\"0\">Hvorfor er den perfekt til steking?<\/b> <code data-path-to-node=\"16\" data-index-in-node=\"40\"><\/code><\/h3>\n<p data-path-to-node=\"16\"><code data-path-to-node=\"16\" data-index-in-node=\"40\">Takket v\u00e6re sin kjemiske sammensetning danner Cornicabra en spr\u00f8 skorpe p\u00e5 maten som hindrer fett i \u00e5 trenge inn i kjernen. Din stekte mat vil bli lettere, spr\u00f8ere og sunnere.<\/code><\/p>\n<p data-path-to-node=\"16\">Oppdag hvordan du kan bruke denne oljen i v\u00e5re <a href=\"https:\/\/olimancha.com\/en\/recipes\/\"><strong>oppskrifter<\/strong><\/a> for en ekte spansk matopplevelse.<\/p>\n<p>&nbsp;<\/p>\n<p>&nbsp;<\/p>","protected":false},"excerpt":{"rendered":"<p data-path-to-node=\"19,0\"><code data-path-to-node=\"19,0\" data-index-in-node=\"0\">Den autentiske smaken av La Mancha til en usl\u00e5elig pris. V\u00e5r **Cornicabra-olje** skiller seg ut med sin gylne farge og robuste karakter. Det er oljen med det h\u00f8yeste innholdet av polyfenoler, noe som gj\u00f8r den til det smarteste valget for matlaging ved h\u00f8ye temperaturer uten at kvaliteten forringes.<\/code><\/p>\n<p data-path-to-node=\"19,1\">\ud83d\udd25 <b data-path-to-node=\"19,1\" data-index-in-node=\"3\">Best til:<\/b> <code data-path-to-node=\"19,1\" data-index-in-node=\"13\">Steking, gryteretter og smaksrik matlaging.<\/code> \ud83c\udf43 <b data-path-to-node=\"19,1\" data-index-in-node=\"60\">Smak:<\/b> <code data-path-to-node=\"19,1\" data-index-in-node=\"66\">Robust, lett bitter med aromatiske noter av gr\u00f8nne blader.<\/code><\/p>","protected":false},"featured_media":682,"comment_status":"open","ping_status":"closed","template":"","meta":{"_eb_attr":"","wprm-recipe-roundup-name":"","wprm-recipe-roundup-description":""},"product_brand":[],"product_cat":[100,103],"product_tag":[],"class_list":{"0":"post-176","1":"product","2":"type-product","3":"status-publish","4":"has-post-thumbnail","6":"product_cat-cornicabra","7":"product_cat-family-format","9":"first","10":"instock","11":"shipping-taxable","12":"purchasable","13":"product-type-simple"},"_links":{"self":[{"href":"https:\/\/olimancha.com\/en\/wp-json\/wp\/v2\/product\/176","targetHints":{"allow":["GET"]}}],"collection":[{"href":"https:\/\/olimancha.com\/en\/wp-json\/wp\/v2\/product"}],"about":[{"href":"https:\/\/olimancha.com\/en\/wp-json\/wp\/v2\/types\/product"}],"replies":[{"embeddable":true,"href":"https:\/\/olimancha.com\/en\/wp-json\/wp\/v2\/comments?post=176"}],"wp:featuredmedia":[{"embeddable":true,"href":"https:\/\/olimancha.com\/en\/wp-json\/wp\/v2\/media\/682"}],"wp:attachment":[{"href":"https:\/\/olimancha.com\/en\/wp-json\/wp\/v2\/media?parent=176"}],"wp:term":[{"taxonomy":"product_brand","embeddable":true,"href":"https:\/\/olimancha.com\/en\/wp-json\/wp\/v2\/product_brand?post=176"},{"taxonomy":"product_cat","embeddable":true,"href":"https:\/\/olimancha.com\/en\/wp-json\/wp\/v2\/product_cat?post=176"},{"taxonomy":"product_tag","embeddable":true,"href":"https:\/\/olimancha.com\/en\/wp-json\/wp\/v2\/product_tag?post=176"}],"curies":[{"name":"wp","href":"https:\/\/api.w.org\/{rel}","templated":true}]}}