{"id":180,"date":"2025-12-24T11:20:55","date_gmt":"2025-12-24T10:20:55","guid":{"rendered":"http:\/\/aceite-oliva-virgen-extra-sol-de-la-mancha.local\/copia\/?post_type=product&#038;p=180"},"modified":"2026-04-11T12:29:08","modified_gmt":"2026-04-11T10:29:08","slug":"cornicabra-olivenolje-5l-professional-chef","status":"publish","type":"product","link":"https:\/\/olimancha.com\/en\/producto\/cornicabra-olivenolje-5l-professional-chef\/","title":{"rendered":"Olimancha Cornicabra \u2013 Ekstra Jomfru Olivenolje \u2013 Professional Chef Edition (5L)"},"content":{"rendered":"<h2 data-path-to-node=\"14,0\">Det smarte valget for storkj\u00f8kken<\/h2>\n<p>P\u00e5 et profesjonelt kj\u00f8kken er stabilitet og konsistens avgj\u00f8rende. Vi tilbyr den autentiske Cornicabra-varianten i et praktisk <strong>5-liters forma<\/strong>t, spesielt designet for \u00e5 m\u00f8te de strenge kravene i restaurant- og cateringbransjen.<\/p>\n<p>I motsetning til raffinerte oljer som brytes ned raskt, er v\u00e5r Cornicabra-olje rik p\u00e5 naturlige antioksidanter (<a href=\"https:\/\/olimancha.com\/en\/health-benefits\/\">polyfenoler<\/a>). Disse fungerer som et beskyttende skjold mot varme. Dette betyr at du kan gjenbruke oljen trygt i lengre perioder uten r\u00f8ykutvikling eller usmak, noe som gj\u00f8r den til en kostnadseffektiv l\u00f8sning for din bedrift.<code data-path-to-node=\"12,1\" data-index-in-node=\"0\"><\/code><code data-path-to-node=\"14,4,0\" data-index-in-node=\"11\"><\/code><\/p>\n<ul>\n<li>\n<p data-path-to-node=\"14,0,0\"><b data-path-to-node=\"14,0,0\" data-index-in-node=\"0\">Sort:<\/b> <code data-path-to-node=\"14,0,0\" data-index-in-node=\"6\">100 % Cornicabra (Single Estate)<\/code><\/p>\n<\/li>\n<li>\n<p data-path-to-node=\"14,1,0\"><b data-path-to-node=\"14,1,0\" data-index-in-node=\"0\">Format:<\/b> <code data-path-to-node=\"14,1,0\" data-index-in-node=\"8\">5L PET-kanne (Lett, uknuselig og ergonomisk)<\/code><\/p>\n<\/li>\n<li>\n<p data-path-to-node=\"14,2,0\"><b data-path-to-node=\"14,2,0\" data-index-in-node=\"0\">R\u00f8ykpunkt:<\/b> <code data-path-to-node=\"14,2,0\" data-index-in-node=\"11\">H\u00f8yt (&gt; 190 \u00b0C)<\/code><\/p>\n<\/li>\n<li>\n<p data-path-to-node=\"14,3,0\"><b data-path-to-node=\"14,3,0\" data-index-in-node=\"0\">Stabilitetsindeks:<\/b> <code data-path-to-node=\"14,3,0\" data-index-in-node=\"19\">Sv\u00e6rt h\u00f8y (Ideell for \"mise en place\" og steking)<\/code><\/p>\n<\/li>\n<li>\n<p data-path-to-node=\"14,4,0\"><b data-path-to-node=\"14,4,0\" data-index-in-node=\"0\">Logistikk:<\/b> <code data-path-to-node=\"14,4,0\" data-index-in-node=\"11\">Stabelbart format for effektiv lagring<\/code><code data-path-to-node=\"14,4,0\" data-index-in-node=\"11\"><\/code><\/p>\n<\/li>\n<\/ul>\n<p>&nbsp;<\/p>","protected":false},"excerpt":{"rendered":"<p data-path-to-node=\"9,0\"><code data-path-to-node=\"9,0\" data-index-in-node=\"0\">Den ultimate **Cornicabra olivenolje 5L** for restaurantbransjen. Professional Chef Edition er kjent for sin termiske stabilitet og rike smak. Maksimal avkastning ved steking og overlegen holdbarhet takket v\u00e6re naturlige antioksidanter.<\/code><\/p>\n<p data-path-to-node=\"9,1\">\ud83d\udc68\u200d\ud83c\udf73 <b data-path-to-node=\"9,1\" data-index-in-node=\"6\">Kokkens valg:<\/b> <code data-path-to-node=\"9,1\" data-index-in-node=\"20\">Maksimal avkastning ved steking.<\/code> \ud83d\udee1\ufe0f <b data-path-to-node=\"9,1\" data-index-in-node=\"57\">H\u00f8y stabilitet:<\/b> <code data-path-to-node=\"9,1\" data-index-in-node=\"73\">T\u00e5ler oksidasjon bedre enn andre varianter.<\/code><\/p>","protected":false},"featured_media":678,"comment_status":"open","ping_status":"closed","template":"","meta":{"_eb_attr":"","wprm-recipe-roundup-name":"","wprm-recipe-roundup-description":""},"product_brand":[],"product_cat":[100,105],"product_tag":[],"class_list":{"0":"post-180","1":"product","2":"type-product","3":"status-publish","4":"has-post-thumbnail","6":"product_cat-cornicabra","7":"product_cat-professional-chef-edition","9":"first","10":"instock","11":"shipping-taxable","12":"purchasable","13":"product-type-simple"},"_links":{"self":[{"href":"https:\/\/olimancha.com\/en\/wp-json\/wp\/v2\/product\/180","targetHints":{"allow":["GET"]}}],"collection":[{"href":"https:\/\/olimancha.com\/en\/wp-json\/wp\/v2\/product"}],"about":[{"href":"https:\/\/olimancha.com\/en\/wp-json\/wp\/v2\/types\/product"}],"replies":[{"embeddable":true,"href":"https:\/\/olimancha.com\/en\/wp-json\/wp\/v2\/comments?post=180"}],"wp:featuredmedia":[{"embeddable":true,"href":"https:\/\/olimancha.com\/en\/wp-json\/wp\/v2\/media\/678"}],"wp:attachment":[{"href":"https:\/\/olimancha.com\/en\/wp-json\/wp\/v2\/media?parent=180"}],"wp:term":[{"taxonomy":"product_brand","embeddable":true,"href":"https:\/\/olimancha.com\/en\/wp-json\/wp\/v2\/product_brand?post=180"},{"taxonomy":"product_cat","embeddable":true,"href":"https:\/\/olimancha.com\/en\/wp-json\/wp\/v2\/product_cat?post=180"},{"taxonomy":"product_tag","embeddable":true,"href":"https:\/\/olimancha.com\/en\/wp-json\/wp\/v2\/product_tag?post=180"}],"curies":[{"name":"wp","href":"https:\/\/api.w.org\/{rel}","templated":true}]}}